{"id":2285,"date":"2016-04-02T01:22:25","date_gmt":"2016-04-02T00:22:25","guid":{"rendered":"http:\/\/lac.archi\/?page_id=2285"},"modified":"2018-09-11T13:56:36","modified_gmt":"2018-09-11T12:56:36","slug":"luca-cattaneo-architecte_philosophie","status":"publish","type":"page","link":"https:\/\/lac.archi\/fr\/luca-cattaneo-architecte_philosophie\/","title":{"rendered":"PHILOSOPHIE"},"content":{"rendered":"<p>[vc_row full_width=&#8221;stretch_row_content_no_spaces&#8221; full_height=&#8221;yes&#8221; columns_placement=&#8221;top&#8221; content_placement=&#8221;top&#8221; bg_type=&#8221;image&#8221; parallax_style=&#8221;vcpb-vz-jquery&#8221; bg_image_new=&#8221;id^2949|url^http:\/\/lac.archi\/wp-content\/uploads\/2016\/04\/LAC-architecture-Philosophie_Luca-Cattaneo.png|caption^null|alt^null|title^LAC-architecture-Philosophie_Luca-Cattaneo|description^null&#8221; bg_image_repeat=&#8221;no-repeat&#8221; bg_image_size=&#8221;contain&#8221; bg_override=&#8221;full&#8221; css=&#8221;.vc_custom_1474479004396{background-color: rgba(255,255,255,0.85) !important;*background-color: rgb(255,255,255) !important;}&#8221;][vc_column][vc_row_inner][vc_column_inner width=&#8221;1\/3&#8243; css=&#8221;.vc_custom_1470750165749{padding-right: 10% !important;padding-left: 10% !important;background-color: rgba(255,255,255,0.5) !important;*background-color: rgb(255,255,255) !important;}&#8221;][vc_empty_space height=&#8221;15px&#8221;][vc_column_text css=&#8221;.vc_custom_1536670592695{padding-top: 5px !important;padding-right: 5px !important;padding-bottom: 5px !important;padding-left: 5px !important;}&#8221;]<\/p>\n<h2><strong><span style=\"color: #808080;\">ARCHITECTURE<\/span><u> <\/u><\/strong><\/h2>\n<p>Les meilleurs \u00e9difices naissent d&#8217;une id\u00e9e claire, qui trouve son d\u00e9veloppement dans l\u2019ADN des d\u00e9tails.<\/p>\n<p>La r\u00e9ussite d&#8217;un projet exige un rapport de confiance avec tous les acteurs de la construction, ma\u00eetre d&#8217;\u0153uvre et professionnels, et que ceux-ci comprennent le pouvoir de transformation de l&#8217;architecture.<\/p>\n<p>L&#8217;architecture est un processus dont le but est de fournir un espace de vie contemporain, qui prend des formes et des complexit\u00e9s diverses.<\/p>\n<p>L&#8217;approche du projet int\u00e8gre l&#8217;environnement, l&#8217;histoire, l&#8217;identit\u00e9 socioculturelle et les exigences du ma\u00eetre d\u2019ouvrage, pour donner vie \u00e0 des\u00a0constructions fonctionnelles et \u00e0 des exp\u00e9riences sensorielles\u00a0uniques.[\/vc_column_text][vc_empty_space height=&#8221;10px&#8221;][vc_column_text]<\/p>\n<h2><strong>EVENEMENTIEL &amp; ARCHITECTURE TEMPORAIRE<br \/>\n<\/strong><\/h2>\n<p>Gr\u00e2ce aux comp\u00e9tences architecturales, il est en mesure de traduire les exigences des tous les interlocuteurs d\u2019un \u00e9v\u00e8nement sportif et d\u2019apporter les meilleures solutions pour l\u2019organisation d\u2019espaces.<\/p>\n<p>Le succ\u00e8s de l\u2019\u00e9v\u00e9nement r\u00e9side dans une interrelation efficace entre les diff\u00e9rents corps de m\u00e9tier dont le but commun est de r\u00e9pondre au mieux aux contraintes et d\u2019appliquer les connaissances qu\u2019on attend d\u2019un projet \u00e9v\u00e9nementiel. Le respect de la date \u00a0de commencement de l\u2019\u00e9v\u00e9nement est l\u2019objectif final \u00e0 atteindre.<\/p>\n<p>&nbsp;<\/p>\n<p><a href=\"http:\/\/lac.archi\/biographie\/\">Biographie<\/a> | <a href=\"http:\/\/lac.archi\/fr\/infos-lac-architecture-luca-cattaneo\/\">Infos<\/a>[\/vc_column_text][\/vc_column_inner][vc_column_inner width=&#8221;2\/3&#8243;][\/vc_column_inner][\/vc_row_inner][\/vc_column][\/vc_row][vc_row full_width=&#8221;stretch_row&#8221; content_placement=&#8221;middle&#8221;][vc_column][\/vc_column][\/vc_row]<\/p>\n","protected":false},"excerpt":{"rendered":"<p>[vc_row full_width=&#8221;stretch_row_content_no_spaces&#8221; full_height=&#8221;yes&#8221; columns_placement=&#8221;top&#8221; content_placement=&#8221;top&#8221; bg_type=&#8221;image&#8221; parallax_style=&#8221;vcpb-vz-jquery&#8221; bg_image_new=&#8221;id^2949|url^http:\/\/lac.archi\/wp-content\/uploads\/2016\/04\/LAC-architecture-Philosophie_Luca-Cattaneo.png|caption^null|alt^null|title^LAC-architecture-Philosophie_Luca-Cattaneo|description^null&#8221; bg_image_repeat=&#8221;no-repeat&#8221; bg_image_size=&#8221;contain&#8221; bg_override=&#8221;full&#8221; css=&#8221;.vc_custom_1474479004396{background-color: rgba(255,255,255,0.85) !important;*background-color: rgb(255,255,255) !important;}&#8221;][vc_column][vc_row_inner][vc_column_inner width=&#8221;1\/3&#8243; css=&#8221;.vc_custom_1470750165749{padding-right: 10% !important;padding-left: 10% !important;background-color: rgba(255,255,255,0.5) !important;*background-color: rgb(255,255,255) !important;}&#8221;][vc_empty_space<span class=\"excerpt-hellip\"> [\u2026]<\/span><\/p>\n","protected":false},"author":1,"featured_media":0,"parent":0,"menu_order":2,"comment_status":"open","ping_status":"closed","template":"","meta":{"footnotes":""},"class_list":["post-2285","page","type-page","status-publish","hentry"],"yoast_head":"<!-- This site is optimized with the Yoast SEO plugin v15.8 - https:\/\/yoast.com\/wordpress\/plugins\/seo\/ -->\n<title>PHILOSOPHIE - Luca Cattaneo Architecte<\/title>\n<meta name=\"robots\" content=\"index, follow, max-snippet:-1, max-image-preview:large, max-video-preview:-1\" \/>\n<link rel=\"canonical\" href=\"https:\/\/lac.archi\/fr\/luca-cattaneo-architecte_philosophie\/\" \/>\n<meta property=\"og:locale\" content=\"fr_FR\" \/>\n<meta property=\"og:type\" content=\"article\" \/>\n<meta property=\"og:title\" content=\"PHILOSOPHIE - Luca Cattaneo Architecte\" \/>\n<meta property=\"og:description\" content=\"[vc_row full_width=&#8221;stretch_row_content_no_spaces&#8221; full_height=&#8221;yes&#8221; columns_placement=&#8221;top&#8221; content_placement=&#8221;top&#8221; bg_type=&#8221;image&#8221; parallax_style=&#8221;vcpb-vz-jquery&#8221; bg_image_new=&#8221;id^2949|url^http:\/\/lac.archi\/wp-content\/uploads\/2016\/04\/LAC-architecture-Philosophie_Luca-Cattaneo.png|caption^null|alt^null|title^LAC-architecture-Philosophie_Luca-Cattaneo|description^null&#8221; bg_image_repeat=&#8221;no-repeat&#8221; bg_image_size=&#8221;contain&#8221; bg_override=&#8221;full&#8221; css=&#8221;.vc_custom_1474479004396{background-color: rgba(255,255,255,0.85) !important;*background-color: rgb(255,255,255) !important;}&#8221;][vc_column][vc_row_inner][vc_column_inner width=&#8221;1\/3&#8243; css=&#8221;.vc_custom_1470750165749{padding-right: 10% !important;padding-left: 10% !important;background-color: rgba(255,255,255,0.5) !important;*background-color: rgb(255,255,255) !important;}&#8221;][vc_empty_space [\u2026]\" \/>\n<meta property=\"og:url\" content=\"https:\/\/lac.archi\/fr\/luca-cattaneo-architecte_philosophie\/\" \/>\n<meta property=\"og:site_name\" content=\"LAC\" \/>\n<meta property=\"article:modified_time\" content=\"2018-09-11T12:56:36+00:00\" \/>\n<meta name=\"twitter:card\" content=\"summary\" \/>\n<meta name=\"twitter:label1\" content=\"Dur\u00e9e de lecture est.\">\n\t<meta name=\"twitter:data1\" content=\"2 minutes\">\n<script type=\"application\/ld+json\" class=\"yoast-schema-graph\">{\"@context\":\"https:\/\/schema.org\",\"@graph\":[{\"@type\":\"Organization\",\"@id\":\"http:\/\/lac.archi\/fr\/#organization\",\"name\":\"LAC - LUCA CATTANEAO ARCHITECTE\",\"url\":\"http:\/\/lac.archi\/fr\/\",\"sameAs\":[],\"logo\":{\"@type\":\"ImageObject\",\"@id\":\"http:\/\/lac.archi\/fr\/#logo\",\"inLanguage\":\"fr-FR\",\"url\":\"https:\/\/lac.archi\/wp-content\/uploads\/2016\/09\/cropped-LAC-Logo.png\",\"width\":252,\"height\":112,\"caption\":\"LAC - LUCA CATTANEAO ARCHITECTE\"},\"image\":{\"@id\":\"http:\/\/lac.archi\/fr\/#logo\"}},{\"@type\":\"WebSite\",\"@id\":\"http:\/\/lac.archi\/fr\/#website\",\"url\":\"http:\/\/lac.archi\/fr\/\",\"name\":\"LAC\",\"description\":\"Architecture + architecture d&#039;interieurs\",\"publisher\":{\"@id\":\"http:\/\/lac.archi\/fr\/#organization\"},\"potentialAction\":[{\"@type\":\"SearchAction\",\"target\":\"http:\/\/lac.archi\/fr\/?s={search_term_string}\",\"query-input\":\"required name=search_term_string\"}],\"inLanguage\":\"fr-FR\"},{\"@type\":\"WebPage\",\"@id\":\"https:\/\/lac.archi\/fr\/luca-cattaneo-architecte_philosophie\/#webpage\",\"url\":\"https:\/\/lac.archi\/fr\/luca-cattaneo-architecte_philosophie\/\",\"name\":\"PHILOSOPHIE - Luca Cattaneo Architecte\",\"isPartOf\":{\"@id\":\"http:\/\/lac.archi\/fr\/#website\"},\"datePublished\":\"2016-04-02T00:22:25+00:00\",\"dateModified\":\"2018-09-11T12:56:36+00:00\",\"breadcrumb\":{\"@id\":\"https:\/\/lac.archi\/fr\/luca-cattaneo-architecte_philosophie\/#breadcrumb\"},\"inLanguage\":\"fr-FR\",\"potentialAction\":[{\"@type\":\"ReadAction\",\"target\":[\"https:\/\/lac.archi\/fr\/luca-cattaneo-architecte_philosophie\/\"]}]},{\"@type\":\"BreadcrumbList\",\"@id\":\"https:\/\/lac.archi\/fr\/luca-cattaneo-architecte_philosophie\/#breadcrumb\",\"itemListElement\":[{\"@type\":\"ListItem\",\"position\":1,\"item\":{\"@type\":\"WebPage\",\"@id\":\"http:\/\/lac.archi\/fr\/\",\"url\":\"http:\/\/lac.archi\/fr\/\",\"name\":\"Accueil\"}},{\"@type\":\"ListItem\",\"position\":2,\"item\":{\"@type\":\"WebPage\",\"@id\":\"https:\/\/lac.archi\/fr\/luca-cattaneo-architecte_philosophie\/\",\"url\":\"https:\/\/lac.archi\/fr\/luca-cattaneo-architecte_philosophie\/\",\"name\":\"PHILOSOPHIE\"}}]}]}<\/script>\n<!-- \/ Yoast SEO plugin. -->","_links":{"self":[{"href":"https:\/\/lac.archi\/fr\/wp-json\/wp\/v2\/pages\/2285","targetHints":{"allow":["GET"]}}],"collection":[{"href":"https:\/\/lac.archi\/fr\/wp-json\/wp\/v2\/pages"}],"about":[{"href":"https:\/\/lac.archi\/fr\/wp-json\/wp\/v2\/types\/page"}],"author":[{"embeddable":true,"href":"https:\/\/lac.archi\/fr\/wp-json\/wp\/v2\/users\/1"}],"replies":[{"embeddable":true,"href":"https:\/\/lac.archi\/fr\/wp-json\/wp\/v2\/comments?post=2285"}],"version-history":[{"count":55,"href":"https:\/\/lac.archi\/fr\/wp-json\/wp\/v2\/pages\/2285\/revisions"}],"predecessor-version":[{"id":4095,"href":"https:\/\/lac.archi\/fr\/wp-json\/wp\/v2\/pages\/2285\/revisions\/4095"}],"wp:attachment":[{"href":"https:\/\/lac.archi\/fr\/wp-json\/wp\/v2\/media?parent=2285"}],"curies":[{"name":"wp","href":"https:\/\/api.w.org\/{rel}","templated":true}]}}