{"id":2296,"date":"2016-04-02T00:57:11","date_gmt":"2016-04-01T23:57:11","guid":{"rendered":"http:\/\/lac.archi\/?page_id=2296"},"modified":"2018-06-28T19:24:45","modified_gmt":"2018-06-28T18:24:45","slug":"lac-architecture-luca-cattaneo","status":"publish","type":"page","link":"https:\/\/lac.archi\/fr\/","title":{"rendered":"LAC Architecture &#8211; Luca Cattaneo"},"content":{"rendered":"<p>[vc_row full_width=&#8221;stretch_row_content_no_spaces&#8221; full_height=&#8221;yes&#8221; columns_placement=&#8221;top&#8221; content_placement=&#8221;top&#8221; bg_type=&#8221;image&#8221; parallax_style=&#8221;vcpb-default&#8221; bg_image_new=&#8221;id^3621|url^https:\/\/lac.archi\/wp-content\/uploads\/2017\/05\/pier_calm_lake_water.jpg|caption^null|alt^null|title^Lac L\u00e9man &#8211; LAC architecture-01|description^null&#8221; bg_image_repeat=&#8221;no-repeat&#8221; bg_img_attach=&#8221;fixed&#8221; css=&#8221;.vc_custom_1496249355427{padding-top: 35px !important;background-position: center !important;background-repeat: no-repeat !important;background-size: cover !important;}&#8221;][vc_column width=&#8221;1\/2&#8243;][vc_column_text css=&#8221;.vc_custom_1529411220563{padding-top: 12% !important;padding-left: 20% !important;}&#8221;]<\/p>\n<h1>LAC<\/h1>\n<h3><span style=\"color: #808080;\">ARCHITECTURE\u00a0 |\u00a0 INTERIORS\u00a0 |\u00a0 OVERLAY DESIGN<\/span><\/h3>\n<p>[\/vc_column_text][\/vc_column][vc_column width=&#8221;1\/2&#8243;][vc_row_inner content_placement=&#8221;bottom&#8221;][vc_column_inner][vc_column_text css=&#8221;.vc_custom_1474892399647{margin-right: 13% !important;padding-top: 88% !important;}&#8221;]<\/p>\n<h2 class=\"titre3_site\" style=\"text-align: right;\"><span style=\"color: #edf5f7;\">LUCA CATTANEO ARCHITECTE<\/span><\/h2>\n<p>[\/vc_column_text][\/vc_column_inner][\/vc_row_inner][\/vc_column][\/vc_row]<\/p>\n","protected":false},"excerpt":{"rendered":"<p>[vc_row full_width=&#8221;stretch_row_content_no_spaces&#8221; full_height=&#8221;yes&#8221; columns_placement=&#8221;top&#8221; content_placement=&#8221;top&#8221; bg_type=&#8221;image&#8221; parallax_style=&#8221;vcpb-default&#8221; bg_image_new=&#8221;id^3621|url^https:\/\/lac.archi\/wp-content\/uploads\/2017\/05\/pier_calm_lake_water.jpg|caption^null|alt^null|title^Lac L\u00e9man &#8211; LAC architecture-01|description^null&#8221; bg_image_repeat=&#8221;no-repeat&#8221; bg_img_attach=&#8221;fixed&#8221; css=&#8221;.vc_custom_1496249355427{padding-top: 35px !important;background-position: center !important;background-repeat: no-repeat !important;background-size: cover !important;}&#8221;][vc_column width=&#8221;1\/2&#8243;][vc_column_text css=&#8221;.vc_custom_1529411220563{padding-top: 12%<span class=\"excerpt-hellip\"> [\u2026]<\/span><\/p>\n","protected":false},"author":1,"featured_media":3621,"parent":0,"menu_order":1,"comment_status":"open","ping_status":"closed","template":"","meta":{"footnotes":""},"class_list":["post-2296","page","type-page","status-publish","has-post-thumbnail","hentry"],"yoast_head":"<!-- This site is optimized with the Yoast SEO plugin v15.8 - https:\/\/yoast.com\/wordpress\/plugins\/seo\/ -->\n<title>LAC Architecture - Luca Cattaneo - Donnez vie \u00e0 vos r\u00eaves d&#039;architecture -<\/title>\n<meta name=\"description\" content=\"LAC architecture + interiors, agence d&#039;architecture de LUCA CATTANEO, est bas\u00e9e \u00e0 Thonon-les-Bains, active autour du lac L\u00e9man, entre France et Suisse.\" \/>\n<meta name=\"robots\" content=\"index, follow, max-snippet:-1, max-image-preview:large, max-video-preview:-1\" \/>\n<link rel=\"canonical\" href=\"http:\/\/lac.archi\/fr\/\" \/>\n<meta property=\"og:locale\" content=\"fr_FR\" \/>\n<meta property=\"og:type\" content=\"article\" \/>\n<meta property=\"og:title\" content=\"LAC Architecture - Luca Cattaneo - Donnez vie \u00e0 vos r\u00eaves d&#039;architecture -\" \/>\n<meta property=\"og:description\" content=\"LAC architecture + interiors, agence d&#039;architecture de LUCA CATTANEO, est bas\u00e9e \u00e0 Thonon-les-Bains, active autour du lac L\u00e9man, entre France et Suisse.\" \/>\n<meta property=\"og:url\" content=\"http:\/\/lac.archi\/fr\/\" \/>\n<meta property=\"og:site_name\" content=\"LAC\" \/>\n<meta property=\"article:modified_time\" content=\"2018-06-28T18:24:45+00:00\" \/>\n<meta property=\"og:image\" content=\"https:\/\/lac.archi\/wp-content\/uploads\/2017\/05\/pier_calm_lake_water.jpg\" \/>\n\t<meta property=\"og:image:width\" content=\"1920\" \/>\n\t<meta property=\"og:image:height\" content=\"1080\" \/>\n<meta name=\"twitter:card\" content=\"summary\" \/>\n<meta name=\"twitter:label1\" content=\"Dur\u00e9e de lecture est.\">\n\t<meta name=\"twitter:data1\" content=\"1 minute\">\n<script type=\"application\/ld+json\" class=\"yoast-schema-graph\">{\"@context\":\"https:\/\/schema.org\",\"@graph\":[{\"@type\":\"Organization\",\"@id\":\"http:\/\/lac.archi\/fr\/#organization\",\"name\":\"LAC - LUCA CATTANEAO ARCHITECTE\",\"url\":\"http:\/\/lac.archi\/fr\/\",\"sameAs\":[],\"logo\":{\"@type\":\"ImageObject\",\"@id\":\"http:\/\/lac.archi\/fr\/#logo\",\"inLanguage\":\"fr-FR\",\"url\":\"https:\/\/lac.archi\/wp-content\/uploads\/2016\/09\/cropped-LAC-Logo.png\",\"width\":252,\"height\":112,\"caption\":\"LAC - LUCA CATTANEAO ARCHITECTE\"},\"image\":{\"@id\":\"http:\/\/lac.archi\/fr\/#logo\"}},{\"@type\":\"WebSite\",\"@id\":\"http:\/\/lac.archi\/fr\/#website\",\"url\":\"http:\/\/lac.archi\/fr\/\",\"name\":\"LAC\",\"description\":\"Architecture + architecture d&#039;interieurs\",\"publisher\":{\"@id\":\"http:\/\/lac.archi\/fr\/#organization\"},\"potentialAction\":[{\"@type\":\"SearchAction\",\"target\":\"http:\/\/lac.archi\/fr\/?s={search_term_string}\",\"query-input\":\"required name=search_term_string\"}],\"inLanguage\":\"fr-FR\"},{\"@type\":\"ImageObject\",\"@id\":\"http:\/\/lac.archi\/fr\/#primaryimage\",\"inLanguage\":\"fr-FR\",\"url\":\"https:\/\/lac.archi\/wp-content\/uploads\/2017\/05\/pier_calm_lake_water.jpg\",\"width\":1920,\"height\":1080},{\"@type\":\"WebPage\",\"@id\":\"http:\/\/lac.archi\/fr\/#webpage\",\"url\":\"http:\/\/lac.archi\/fr\/\",\"name\":\"LAC Architecture - Luca Cattaneo - Donnez vie \\u00e0 vos r\\u00eaves d'architecture -\",\"isPartOf\":{\"@id\":\"http:\/\/lac.archi\/fr\/#website\"},\"primaryImageOfPage\":{\"@id\":\"http:\/\/lac.archi\/fr\/#primaryimage\"},\"datePublished\":\"2016-04-01T23:57:11+00:00\",\"dateModified\":\"2018-06-28T18:24:45+00:00\",\"description\":\"LAC architecture + interiors, agence d'architecture de LUCA CATTANEO, est bas\\u00e9e \\u00e0 Thonon-les-Bains, active autour du lac L\\u00e9man, entre France et Suisse.\",\"breadcrumb\":{\"@id\":\"http:\/\/lac.archi\/fr\/#breadcrumb\"},\"inLanguage\":\"fr-FR\",\"potentialAction\":[{\"@type\":\"ReadAction\",\"target\":[\"http:\/\/lac.archi\/fr\/\"]}]},{\"@type\":\"BreadcrumbList\",\"@id\":\"http:\/\/lac.archi\/fr\/#breadcrumb\",\"itemListElement\":[{\"@type\":\"ListItem\",\"position\":1,\"item\":{\"@type\":\"WebPage\",\"@id\":\"http:\/\/lac.archi\/fr\/\",\"url\":\"http:\/\/lac.archi\/fr\/\",\"name\":\"Accueil\"}},{\"@type\":\"ListItem\",\"position\":2,\"item\":{\"@type\":\"WebPage\",\"@id\":\"http:\/\/lac.archi\/fr\/\",\"url\":\"http:\/\/lac.archi\/fr\/\",\"name\":\"LAC Architecture &#8211; Luca Cattaneo\"}}]}]}<\/script>\n<!-- \/ Yoast SEO plugin. -->","_links":{"self":[{"href":"https:\/\/lac.archi\/fr\/wp-json\/wp\/v2\/pages\/2296","targetHints":{"allow":["GET"]}}],"collection":[{"href":"https:\/\/lac.archi\/fr\/wp-json\/wp\/v2\/pages"}],"about":[{"href":"https:\/\/lac.archi\/fr\/wp-json\/wp\/v2\/types\/page"}],"author":[{"embeddable":true,"href":"https:\/\/lac.archi\/fr\/wp-json\/wp\/v2\/users\/1"}],"replies":[{"embeddable":true,"href":"https:\/\/lac.archi\/fr\/wp-json\/wp\/v2\/comments?post=2296"}],"version-history":[{"count":72,"href":"https:\/\/lac.archi\/fr\/wp-json\/wp\/v2\/pages\/2296\/revisions"}],"predecessor-version":[{"id":4292,"href":"https:\/\/lac.archi\/fr\/wp-json\/wp\/v2\/pages\/2296\/revisions\/4292"}],"wp:featuredmedia":[{"embeddable":true,"href":"https:\/\/lac.archi\/fr\/wp-json\/wp\/v2\/media\/3621"}],"wp:attachment":[{"href":"https:\/\/lac.archi\/fr\/wp-json\/wp\/v2\/media?parent=2296"}],"curies":[{"name":"wp","href":"https:\/\/api.w.org\/{rel}","templated":true}]}}