{"id":2892,"date":"2016-04-04T10:45:42","date_gmt":"2016-04-04T09:45:42","guid":{"rendered":"http:\/\/lac.archi\/?page_id=2892"},"modified":"2020-09-07T17:34:09","modified_gmt":"2020-09-07T16:34:09","slug":"biographie-luca-cattaneo-architecte","status":"publish","type":"page","link":"https:\/\/lac.archi\/fr\/biographie-luca-cattaneo-architecte\/","title":{"rendered":"BIOGRAPHIE"},"content":{"rendered":"<p>[vc_row full_width=&#8221;stretch_row_content_no_spaces&#8221; full_height=&#8221;yes&#8221; columns_placement=&#8221;top&#8221; content_placement=&#8221;top&#8221; bg_type=&#8221;image&#8221; parallax_style=&#8221;vcpb-vz-jquery&#8221; bg_image_new=&#8221;id^2961|url^http:\/\/lac.archi\/wp-content\/uploads\/2016\/04\/LAC-architecture-Biographie-Luca-Cattaneo.png|caption^null|alt^null|title^LAC-architecture-Biographie-Luca-Cattaneo|description^null&#8221; bg_image_repeat=&#8221;no-repeat&#8221; bg_image_size=&#8221;contain&#8221; bg_override=&#8221;full&#8221; css=&#8221;.vc_custom_1474478974846{background-color: rgba(255,255,255,0.85) !important;*background-color: rgb(255,255,255) !important;}&#8221;][vc_column][vc_row_inner][vc_column_inner width=&#8221;1\/3&#8243; css=&#8221;.vc_custom_1470750032241{padding-right: 10% !important;padding-left: 10% !important;}&#8221;][vc_empty_space height=&#8221;15px&#8221;][vc_column_text css=&#8221;.vc_custom_1599496392133{padding-top: 5px !important;padding-right: 5px !important;padding-bottom: 5px !important;padding-left: 5px !important;background-color: rgba(255,255,255,0.5) !important;*background-color: rgb(255,255,255) !important;}&#8221;]<\/p>\n<h2><strong>LUCA CATTANEO<\/strong><\/h2>\n<p>Luca Cattaneo est n\u00e9 \u00e0 Varese en Italie.<\/p>\n<p>Il fait ses \u00e9tudes d\u2019architecture au Politecnico di Milano et \u00e0 l\u2019Universit\u00e4t Dortmund Fakult\u00e4t Bauwesen en Allemagne. Il collabore avec l\u2018ARCHITEKTURB\u00dcRO KFD \u00e0 Dortmund avant et apr\u00e8s son dipl\u00f4me. En 1998, il pr\u00e9sente son m\u00e9moire \u00ab Biblioth\u00e8que de la ville de Dortmund \u00bb (tuteur professeur <strong>MAX DUDLER<\/strong>). Il participe \u00e0 plusieurs concours internationaux et suivi des projets pour <strong>GIANCARLO DE CARLO<\/strong> (2000-2001). Il est engag\u00e9 aupr\u00e8s de l\u2019agence <strong>ADP<\/strong> (A\u00e9roports de Paris), dirig\u00e9e par l\u2019architecte <strong>PAUL ANDREU<\/strong> sur le projet de r\u00e9habilitation de l\u2019a\u00e9roport Roissy-Charles-De-Gaulle, A\u00e9rogare1.<\/p>\n<p>&nbsp;<\/p>\n<p>D\u00e9but 2004, il lance son activit\u00e9 lib\u00e9rale avec des projets personnels et en parall\u00e8le comme consultant pour d\u2019autres bureaux et soci\u00e9t\u00e9s. De 2004 \u00e0 2006, il est responsable aupr\u00e8s de l\u2018agence <strong>BLAST<\/strong> de divers b\u00e2timents pour le KilometroRosso de <strong>JEAN NOUVEL<\/strong> \u00e0 Bergame et de projets de types commerciaux et r\u00e9sidentiels en Italie et \u00e0 l\u2019\u00e9tranger.<\/p>\n<p>Consultant pour la soci\u00e9t\u00e9 <strong>GL events<\/strong> \u00e0 la r\u00e9alisation des stades de la Cricket World Cup 2007 aux Cara\u00efbes (West Indies), des Jeux Olympiques de P\u00e9kin 2008, de la FIFA World Cup 2010 en Afrique du Sud, de Commonwealth Games 2010 \u00e0 Delhi, de la CAN 2011 au Gabon, de l\u2019Asian Cup 2011 \u00e0 Doha et des Jeux Olympiques 2012 \u00e0 Londres. De 2011 \u00e0 2017, il collabore avec l&#8217;agence d\u2019architecture <strong>Dominique Grenier<\/strong> \u00e0 Gen\u00e8ve sur des projets en Suisse.<\/p>\n<p>Il\u00a0a particip\u00e9 avec l&#8217;agence de Z\u00fcrich <strong><b>QIIP<\/b><\/strong>\u00a0\u00e0\u00a0des projets d&#8217;<em><i>Overlay Design :<\/i><\/em>\u00a0<em>Candidature de Sion aux Jeux Olympiques d&#8217;Hiver 2026\u00a0et le b\u00e2timent temporaire\u00a0pour salles de conf\u00e9rences\u00a0\u00e0 l&#8217;ONU \u00e0 Gen\u00e8ve (2020).<\/em><\/p>\n<p>Il a collabor\u00e9 r\u00e9cemment, avec <strong><b>GL EVENTS<\/b><\/strong>, aux\u00a0<em><i>Asian Games 2018 \u00e0 Jakarta-Palembang <\/i><\/em>et les <em>South East Asian Games 2019, Philippines<i>.<\/i><\/em><\/p>\n<p>Il est consultant avec <strong>CRYSTAL CLEAR PARTNERS<\/strong> aupr\u00e8s du comit\u00e9 d&#8217;organisation des\u00a0<strong>Jeux Olympiques de PARIS 2024<\/strong><\/p>\n<p>Il est inscrit au tableau de l\u2019Ordre des Architectes Fran\u00e7ais.<\/p>\n<p>&nbsp;<\/p>\n<p><a href=\"http:\/\/lac.archi\/a-propos-de-lac-architecture\/\">Infos<\/a>\u00a0| <a href=\"http:\/\/lac.archi\/luca-cattaneo-architecte_philosophie\">Philosophie<\/a>[\/vc_column_text][\/vc_column_inner][vc_column_inner width=&#8221;2\/3&#8243;][\/vc_column_inner][\/vc_row_inner][\/vc_column][\/vc_row][vc_row full_width=&#8221;stretch_row&#8221; content_placement=&#8221;middle&#8221;][vc_column][\/vc_column][\/vc_row]<\/p>\n","protected":false},"excerpt":{"rendered":"<p>[vc_row full_width=&#8221;stretch_row_content_no_spaces&#8221; full_height=&#8221;yes&#8221; columns_placement=&#8221;top&#8221; content_placement=&#8221;top&#8221; bg_type=&#8221;image&#8221; parallax_style=&#8221;vcpb-vz-jquery&#8221; bg_image_new=&#8221;id^2961|url^http:\/\/lac.archi\/wp-content\/uploads\/2016\/04\/LAC-architecture-Biographie-Luca-Cattaneo.png|caption^null|alt^null|title^LAC-architecture-Biographie-Luca-Cattaneo|description^null&#8221; bg_image_repeat=&#8221;no-repeat&#8221; bg_image_size=&#8221;contain&#8221; bg_override=&#8221;full&#8221; css=&#8221;.vc_custom_1474478974846{background-color: rgba(255,255,255,0.85) !important;*background-color: rgb(255,255,255) !important;}&#8221;][vc_column][vc_row_inner][vc_column_inner width=&#8221;1\/3&#8243; css=&#8221;.vc_custom_1470750032241{padding-right: 10% !important;padding-left: 10% !important;}&#8221;][vc_empty_space height=&#8221;15px&#8221;][vc_column_text css=&#8221;.vc_custom_1599496392133{padding-top: 5px !important;padding-right:<span class=\"excerpt-hellip\"> [\u2026]<\/span><\/p>\n","protected":false},"author":1,"featured_media":0,"parent":0,"menu_order":2,"comment_status":"open","ping_status":"closed","template":"","meta":{"footnotes":""},"class_list":["post-2892","page","type-page","status-publish","hentry"],"yoast_head":"<!-- This site is optimized with the Yoast SEO plugin v15.8 - https:\/\/yoast.com\/wordpress\/plugins\/seo\/ -->\n<title>BIOGRAPHIE - Luca Cattaneo Architecte<\/title>\n<meta name=\"description\" content=\"LUCA CATTANEO Luca Cattaneo est n\u00e9 \u00e0 Varese en Italie. Il fait ses \u00e9tudes d\u2019architecture au Politecnico di Milano et \u00e0 l\u2019Universit\u00e4t Dortmund Fakult\u00e4t Bauwe\" \/>\n<meta name=\"robots\" content=\"index, follow, max-snippet:-1, max-image-preview:large, max-video-preview:-1\" \/>\n<link rel=\"canonical\" href=\"https:\/\/lac.archi\/fr\/biographie-luca-cattaneo-architecte\/\" \/>\n<meta property=\"og:locale\" content=\"fr_FR\" \/>\n<meta property=\"og:type\" content=\"article\" \/>\n<meta property=\"og:title\" content=\"BIOGRAPHIE - Luca Cattaneo Architecte\" \/>\n<meta property=\"og:description\" content=\"LUCA CATTANEO Luca Cattaneo est n\u00e9 \u00e0 Varese en Italie. Il fait ses \u00e9tudes d\u2019architecture au Politecnico di Milano et \u00e0 l\u2019Universit\u00e4t Dortmund Fakult\u00e4t Bauwe\" \/>\n<meta property=\"og:url\" content=\"https:\/\/lac.archi\/fr\/biographie-luca-cattaneo-architecte\/\" \/>\n<meta property=\"og:site_name\" content=\"LAC\" \/>\n<meta property=\"article:modified_time\" content=\"2020-09-07T16:34:09+00:00\" \/>\n<meta name=\"twitter:card\" content=\"summary\" \/>\n<meta name=\"twitter:label1\" content=\"Dur\u00e9e de lecture est.\">\n\t<meta name=\"twitter:data1\" content=\"2 minutes\">\n<script type=\"application\/ld+json\" class=\"yoast-schema-graph\">{\"@context\":\"https:\/\/schema.org\",\"@graph\":[{\"@type\":\"Organization\",\"@id\":\"http:\/\/lac.archi\/fr\/#organization\",\"name\":\"LAC - LUCA CATTANEAO ARCHITECTE\",\"url\":\"http:\/\/lac.archi\/fr\/\",\"sameAs\":[],\"logo\":{\"@type\":\"ImageObject\",\"@id\":\"http:\/\/lac.archi\/fr\/#logo\",\"inLanguage\":\"fr-FR\",\"url\":\"https:\/\/lac.archi\/wp-content\/uploads\/2016\/09\/cropped-LAC-Logo.png\",\"width\":252,\"height\":112,\"caption\":\"LAC - LUCA CATTANEAO ARCHITECTE\"},\"image\":{\"@id\":\"http:\/\/lac.archi\/fr\/#logo\"}},{\"@type\":\"WebSite\",\"@id\":\"http:\/\/lac.archi\/fr\/#website\",\"url\":\"http:\/\/lac.archi\/fr\/\",\"name\":\"LAC\",\"description\":\"Architecture + architecture d&#039;interieurs\",\"publisher\":{\"@id\":\"http:\/\/lac.archi\/fr\/#organization\"},\"potentialAction\":[{\"@type\":\"SearchAction\",\"target\":\"http:\/\/lac.archi\/fr\/?s={search_term_string}\",\"query-input\":\"required name=search_term_string\"}],\"inLanguage\":\"fr-FR\"},{\"@type\":\"WebPage\",\"@id\":\"https:\/\/lac.archi\/fr\/biographie-luca-cattaneo-architecte\/#webpage\",\"url\":\"https:\/\/lac.archi\/fr\/biographie-luca-cattaneo-architecte\/\",\"name\":\"BIOGRAPHIE - Luca Cattaneo Architecte\",\"isPartOf\":{\"@id\":\"http:\/\/lac.archi\/fr\/#website\"},\"datePublished\":\"2016-04-04T09:45:42+00:00\",\"dateModified\":\"2020-09-07T16:34:09+00:00\",\"description\":\"LUCA CATTANEO Luca Cattaneo est n\\u00e9 \\u00e0 Varese en Italie. Il fait ses \\u00e9tudes d\\u2019architecture au Politecnico di Milano et \\u00e0 l\\u2019Universit\\u00e4t Dortmund Fakult\\u00e4t Bauwe\",\"breadcrumb\":{\"@id\":\"https:\/\/lac.archi\/fr\/biographie-luca-cattaneo-architecte\/#breadcrumb\"},\"inLanguage\":\"fr-FR\",\"potentialAction\":[{\"@type\":\"ReadAction\",\"target\":[\"https:\/\/lac.archi\/fr\/biographie-luca-cattaneo-architecte\/\"]}]},{\"@type\":\"BreadcrumbList\",\"@id\":\"https:\/\/lac.archi\/fr\/biographie-luca-cattaneo-architecte\/#breadcrumb\",\"itemListElement\":[{\"@type\":\"ListItem\",\"position\":1,\"item\":{\"@type\":\"WebPage\",\"@id\":\"http:\/\/lac.archi\/fr\/\",\"url\":\"http:\/\/lac.archi\/fr\/\",\"name\":\"Accueil\"}},{\"@type\":\"ListItem\",\"position\":2,\"item\":{\"@type\":\"WebPage\",\"@id\":\"https:\/\/lac.archi\/fr\/biographie-luca-cattaneo-architecte\/\",\"url\":\"https:\/\/lac.archi\/fr\/biographie-luca-cattaneo-architecte\/\",\"name\":\"BIOGRAPHIE\"}}]}]}<\/script>\n<!-- \/ Yoast SEO plugin. -->","_links":{"self":[{"href":"https:\/\/lac.archi\/fr\/wp-json\/wp\/v2\/pages\/2892","targetHints":{"allow":["GET"]}}],"collection":[{"href":"https:\/\/lac.archi\/fr\/wp-json\/wp\/v2\/pages"}],"about":[{"href":"https:\/\/lac.archi\/fr\/wp-json\/wp\/v2\/types\/page"}],"author":[{"embeddable":true,"href":"https:\/\/lac.archi\/fr\/wp-json\/wp\/v2\/users\/1"}],"replies":[{"embeddable":true,"href":"https:\/\/lac.archi\/fr\/wp-json\/wp\/v2\/comments?post=2892"}],"version-history":[{"count":22,"href":"https:\/\/lac.archi\/fr\/wp-json\/wp\/v2\/pages\/2892\/revisions"}],"predecessor-version":[{"id":4155,"href":"https:\/\/lac.archi\/fr\/wp-json\/wp\/v2\/pages\/2892\/revisions\/4155"}],"wp:attachment":[{"href":"https:\/\/lac.archi\/fr\/wp-json\/wp\/v2\/media?parent=2892"}],"curies":[{"name":"wp","href":"https:\/\/api.w.org\/{rel}","templated":true}]}}