{"id":2964,"date":"2016-08-09T13:56:00","date_gmt":"2016-08-09T12:56:00","guid":{"rendered":"http:\/\/lac.archi\/?page_id=2964"},"modified":"2021-02-22T15:00:22","modified_gmt":"2021-02-22T14:00:22","slug":"infos-lac-architecture-luca-cattaneo","status":"publish","type":"page","link":"https:\/\/lac.archi\/fr\/infos-lac-architecture-luca-cattaneo\/","title":{"rendered":"INFOS"},"content":{"rendered":"<p>[vc_row full_width=&#8221;stretch_row_content_no_spaces&#8221; full_height=&#8221;yes&#8221; columns_placement=&#8221;top&#8221; content_placement=&#8221;top&#8221; bg_type=&#8221;image&#8221; parallax_style=&#8221;vcpb-vz-jquery&#8221; bg_image_new=&#8221;id^2968|url^https:\/\/lac.archi\/wp-content\/uploads\/2016\/08\/LAC-architecture-A-propos_de_Luca-Cattaneo.png|caption^null|alt^null|title^LAC-architecture-A-propos_de_Luca-Cattaneo|description^null&#8221; bg_image_repeat=&#8221;no-repeat&#8221; bg_image_size=&#8221;contain&#8221; bg_override=&#8221;full&#8221; css=&#8221;.vc_custom_1479292361563{background-color: rgba(255,255,255,0.85) !important;*background-color: rgb(255,255,255) !important;}&#8221;][vc_column][vc_row_inner equal_height=&#8221;yes&#8221;][vc_column_inner width=&#8221;1\/3&#8243; css=&#8221;.vc_custom_1470749135383{padding-right: 10% !important;padding-left: 10% !important;}&#8221;][vc_empty_space height=&#8221;15px&#8221;][vc_column_text css=&#8221;.vc_custom_1495026366803{padding-right: 5px !important;padding-bottom: 5px !important;padding-left: 5px !important;background-color: #ffffff !important;}&#8221;]<\/p>\n<p style=\"text-align: left;\"><strong>LAC Architecture <\/strong>est l&#8217;activit\u00e9 d\u2019architecture de Luca Cattaneo install\u00e9e depuis 2009 au bord du lac L\u00e9man.<\/p>\n<p style=\"text-align: left;\">La large vari\u00e9t\u00e9 des r\u00e9alisations touche l\u2019architecture \u00e0 diff\u00e9rentes \u00e9chelles\u00a0: de l\u2019architecture d\u2019int\u00e9rieur, aux maisons individuelles, aux b\u00e2timents de plus grandes envergures, en passant par le domaine de l&#8217;\u00e9v\u00e9nementiel sportif. L\u2019activit\u00e9 est locale aussi bien qu\u2019internationale selon l\u2019ampleur du projet.<\/p>\n<p style=\"text-align: left;\"><a href=\"http:\/\/lac.archi\/biographie\/\">Biographie<\/a> | <a href=\"http:\/\/lac.archi\/luca-cattaneo-architecte_philosophie\">Philosophie<\/a><\/p>\n<p>[\/vc_column_text][vc_empty_space height=&#8221;600px&#8221;][\/vc_column_inner][vc_column_inner width=&#8221;2\/3&#8243;][\/vc_column_inner][\/vc_row_inner][\/vc_column][\/vc_row]<\/p>\n","protected":false},"excerpt":{"rendered":"<p>[vc_row full_width=&#8221;stretch_row_content_no_spaces&#8221; full_height=&#8221;yes&#8221; columns_placement=&#8221;top&#8221; content_placement=&#8221;top&#8221; bg_type=&#8221;image&#8221; parallax_style=&#8221;vcpb-vz-jquery&#8221; bg_image_new=&#8221;id^2968|url^https:\/\/lac.archi\/wp-content\/uploads\/2016\/08\/LAC-architecture-A-propos_de_Luca-Cattaneo.png|caption^null|alt^null|title^LAC-architecture-A-propos_de_Luca-Cattaneo|description^null&#8221; bg_image_repeat=&#8221;no-repeat&#8221; bg_image_size=&#8221;contain&#8221; bg_override=&#8221;full&#8221; css=&#8221;.vc_custom_1479292361563{background-color: rgba(255,255,255,0.85) !important;*background-color: rgb(255,255,255) !important;}&#8221;][vc_column][vc_row_inner equal_height=&#8221;yes&#8221;][vc_column_inner width=&#8221;1\/3&#8243; css=&#8221;.vc_custom_1470749135383{padding-right: 10% !important;padding-left: 10% !important;}&#8221;][vc_empty_space height=&#8221;15px&#8221;][vc_column_text css=&#8221;.vc_custom_1495026366803{padding-right: 5px<span class=\"excerpt-hellip\"> [\u2026]<\/span><\/p>\n","protected":false},"author":1,"featured_media":0,"parent":0,"menu_order":2,"comment_status":"open","ping_status":"closed","template":"","meta":{"footnotes":""},"class_list":["post-2964","page","type-page","status-publish","hentry"],"yoast_head":"<!-- This site is optimized with the Yoast SEO plugin v15.8 - https:\/\/yoast.com\/wordpress\/plugins\/seo\/ -->\n<title>INFOS - Luca Cattaneo Architecte<\/title>\n<meta name=\"description\" content=\"LAC Architecture est l&#039;activit\u00e9 d\u2019architecture de Luca Cattaneo install\u00e9e depuis 2009 au bord du lac L\u00e9man. Points forts : la vari\u00e9t\u00e9 des r\u00e9alisations.\" \/>\n<meta name=\"robots\" content=\"index, follow, max-snippet:-1, max-image-preview:large, max-video-preview:-1\" \/>\n<link rel=\"canonical\" href=\"https:\/\/lac.archi\/fr\/infos-lac-architecture-luca-cattaneo\/\" \/>\n<meta property=\"og:locale\" content=\"fr_FR\" \/>\n<meta property=\"og:type\" content=\"article\" \/>\n<meta property=\"og:title\" content=\"INFOS - Luca Cattaneo Architecte\" \/>\n<meta property=\"og:description\" content=\"LAC Architecture est l&#039;activit\u00e9 d\u2019architecture de Luca Cattaneo install\u00e9e depuis 2009 au bord du lac L\u00e9man. Points forts : la vari\u00e9t\u00e9 des r\u00e9alisations.\" \/>\n<meta property=\"og:url\" content=\"https:\/\/lac.archi\/fr\/infos-lac-architecture-luca-cattaneo\/\" \/>\n<meta property=\"og:site_name\" content=\"LAC\" \/>\n<meta property=\"article:modified_time\" content=\"2021-02-22T14:00:22+00:00\" \/>\n<meta name=\"twitter:card\" content=\"summary\" \/>\n<meta name=\"twitter:label1\" content=\"Dur\u00e9e de lecture est.\">\n\t<meta name=\"twitter:data1\" content=\"1 minute\">\n<script type=\"application\/ld+json\" class=\"yoast-schema-graph\">{\"@context\":\"https:\/\/schema.org\",\"@graph\":[{\"@type\":\"Organization\",\"@id\":\"http:\/\/lac.archi\/fr\/#organization\",\"name\":\"LAC - LUCA CATTANEAO ARCHITECTE\",\"url\":\"http:\/\/lac.archi\/fr\/\",\"sameAs\":[],\"logo\":{\"@type\":\"ImageObject\",\"@id\":\"http:\/\/lac.archi\/fr\/#logo\",\"inLanguage\":\"fr-FR\",\"url\":\"https:\/\/lac.archi\/wp-content\/uploads\/2016\/09\/cropped-LAC-Logo.png\",\"width\":252,\"height\":112,\"caption\":\"LAC - LUCA CATTANEAO ARCHITECTE\"},\"image\":{\"@id\":\"http:\/\/lac.archi\/fr\/#logo\"}},{\"@type\":\"WebSite\",\"@id\":\"http:\/\/lac.archi\/fr\/#website\",\"url\":\"http:\/\/lac.archi\/fr\/\",\"name\":\"LAC\",\"description\":\"Architecture + architecture d&#039;interieurs\",\"publisher\":{\"@id\":\"http:\/\/lac.archi\/fr\/#organization\"},\"potentialAction\":[{\"@type\":\"SearchAction\",\"target\":\"http:\/\/lac.archi\/fr\/?s={search_term_string}\",\"query-input\":\"required name=search_term_string\"}],\"inLanguage\":\"fr-FR\"},{\"@type\":\"WebPage\",\"@id\":\"https:\/\/lac.archi\/fr\/infos-lac-architecture-luca-cattaneo\/#webpage\",\"url\":\"https:\/\/lac.archi\/fr\/infos-lac-architecture-luca-cattaneo\/\",\"name\":\"INFOS - Luca Cattaneo Architecte\",\"isPartOf\":{\"@id\":\"http:\/\/lac.archi\/fr\/#website\"},\"datePublished\":\"2016-08-09T12:56:00+00:00\",\"dateModified\":\"2021-02-22T14:00:22+00:00\",\"description\":\"LAC Architecture est l'activit\\u00e9 d\\u2019architecture de Luca Cattaneo install\\u00e9e depuis 2009 au bord du lac L\\u00e9man. Points forts : la vari\\u00e9t\\u00e9 des r\\u00e9alisations.\",\"breadcrumb\":{\"@id\":\"https:\/\/lac.archi\/fr\/infos-lac-architecture-luca-cattaneo\/#breadcrumb\"},\"inLanguage\":\"fr-FR\",\"potentialAction\":[{\"@type\":\"ReadAction\",\"target\":[\"https:\/\/lac.archi\/fr\/infos-lac-architecture-luca-cattaneo\/\"]}]},{\"@type\":\"BreadcrumbList\",\"@id\":\"https:\/\/lac.archi\/fr\/infos-lac-architecture-luca-cattaneo\/#breadcrumb\",\"itemListElement\":[{\"@type\":\"ListItem\",\"position\":1,\"item\":{\"@type\":\"WebPage\",\"@id\":\"http:\/\/lac.archi\/fr\/\",\"url\":\"http:\/\/lac.archi\/fr\/\",\"name\":\"Accueil\"}},{\"@type\":\"ListItem\",\"position\":2,\"item\":{\"@type\":\"WebPage\",\"@id\":\"https:\/\/lac.archi\/fr\/infos-lac-architecture-luca-cattaneo\/\",\"url\":\"https:\/\/lac.archi\/fr\/infos-lac-architecture-luca-cattaneo\/\",\"name\":\"INFOS\"}}]}]}<\/script>\n<!-- \/ Yoast SEO plugin. -->","_links":{"self":[{"href":"https:\/\/lac.archi\/fr\/wp-json\/wp\/v2\/pages\/2964","targetHints":{"allow":["GET"]}}],"collection":[{"href":"https:\/\/lac.archi\/fr\/wp-json\/wp\/v2\/pages"}],"about":[{"href":"https:\/\/lac.archi\/fr\/wp-json\/wp\/v2\/types\/page"}],"author":[{"embeddable":true,"href":"https:\/\/lac.archi\/fr\/wp-json\/wp\/v2\/users\/1"}],"replies":[{"embeddable":true,"href":"https:\/\/lac.archi\/fr\/wp-json\/wp\/v2\/comments?post=2964"}],"version-history":[{"count":29,"href":"https:\/\/lac.archi\/fr\/wp-json\/wp\/v2\/pages\/2964\/revisions"}],"predecessor-version":[{"id":4291,"href":"https:\/\/lac.archi\/fr\/wp-json\/wp\/v2\/pages\/2964\/revisions\/4291"}],"wp:attachment":[{"href":"https:\/\/lac.archi\/fr\/wp-json\/wp\/v2\/media?parent=2964"}],"curies":[{"name":"wp","href":"https:\/\/api.w.org\/{rel}","templated":true}]}}