{"id":2990,"date":"2016-08-09T15:32:30","date_gmt":"2016-08-09T14:32:30","guid":{"rendered":"http:\/\/lac.archi\/?page_id=2990"},"modified":"2018-09-11T14:17:52","modified_gmt":"2018-09-11T13:17:52","slug":"luca-cattaneo-architecte-thonon-geneve","status":"publish","type":"page","link":"https:\/\/lac.archi\/fr\/luca-cattaneo-architecte-thonon-geneve\/","title":{"rendered":"CONTACT"},"content":{"rendered":"<p>[vc_row full_width=&#8221;stretch_row_content_no_spaces&#8221; content_placement=&#8221;top&#8221; css=&#8221;.vc_custom_1470753184295{background-color: rgba(255,255,255,0.85) !important;*background-color: rgb(255,255,255) !important;}&#8221;][vc_column][vc_row_inner][vc_column_inner width=&#8221;1\/3&#8243; css=&#8221;.vc_custom_1470750032241{padding-right: 10% !important;padding-left: 10% !important;}&#8221;][vc_empty_space height=&#8221;10px&#8221;][vc_single_image image=&#8221;3634&#8243;][vc_column_text css=&#8221;.vc_custom_1536671006664{padding-top: 5px !important;padding-right: 5px !important;padding-bottom: 5px !important;padding-left: 5px !important;background-color: rgba(255,255,255,0.5) !important;*background-color: rgb(255,255,255) !important;}&#8221;]<\/p>\n<div class=\"gmail_default\"><\/div>\n<div><b>LUCA CATTANEO <\/b>Architecte DPLG<\/div>\n<div dir=\"ltr\">\n<div>\n<div>\n<hr \/>\n<\/div>\n<div><span style=\"font-size: xx-small;\"><strong><span style=\"color: #666666; font-family: arial, helvetica, sans-serif;\">THONON-LES-BAINS \/ GENEVE<\/span><\/strong><\/span><\/div>\n<div><\/div>\n<div><span style=\"color: #666666; font-family: arial, helvetica, sans-serif; font-size: xx-small;\">620, Route de Chavanne\u00a0<\/span><span style=\"color: #666666; font-family: arial, helvetica, sans-serif; font-size: xx-small;\">74140 Sciez-sur-L\u00e9man (France)<\/span><\/div>\n<div><span style=\"font-family: arial, helvetica, sans-serif; font-size: xx-small;\">TEL.\u00a0+33 (0)6 43 93 68 92<br \/>\n<span style=\"color: #666666;\">TEL.\u00a0+41 (0)78 659 80 14 <\/span><\/span><\/div>\n<div><span style=\"font-family: arial, helvetica, sans-serif; font-size: xx-small;\"><span style=\"color: #666666;\">EMAIL. luca.cattaneo@lac.archi<\/span><\/span><\/div>\n<div><\/div>\n<\/div>\n<\/div>\n<div><\/div>\n<div class=\"_mr kno-fb-ctx\" style=\"text-align: left;\" data-dtype=\"d3ph\" data-ved=\"0ahUKEwjt4OLwxbTOAhWLWRoKHV73CZ0Q8I0BCHwoADAU\"><div role=\"form\" class=\"wpcf7\" id=\"wpcf7-f119-o1\" lang=\"fr-FR\" dir=\"ltr\">\n<div class=\"screen-reader-response\"><p role=\"status\" aria-live=\"polite\" aria-atomic=\"true\"><\/p> <ul><\/ul><\/div>\n<form action=\"\/fr\/wp-json\/wp\/v2\/pages\/2990#wpcf7-f119-o1\" method=\"post\" class=\"wpcf7-form init\" novalidate=\"novalidate\" data-status=\"init\">\n<div style=\"display: none;\">\n<input type=\"hidden\" name=\"_wpcf7\" value=\"119\" \/>\n<input type=\"hidden\" name=\"_wpcf7_version\" value=\"5.3.2\" \/>\n<input type=\"hidden\" name=\"_wpcf7_locale\" value=\"fr_FR\" \/>\n<input type=\"hidden\" name=\"_wpcf7_unit_tag\" value=\"wpcf7-f119-o1\" \/>\n<input type=\"hidden\" name=\"_wpcf7_container_post\" value=\"0\" \/>\n<input type=\"hidden\" name=\"_wpcf7_posted_data_hash\" value=\"\" \/>\n<\/div>\n<div class=\"column one-second\"><span class=\"wpcf7-form-control-wrap your-name\"><input type=\"text\" name=\"your-name\" value=\"\" size=\"40\" class=\"wpcf7-form-control wpcf7-text wpcf7-validates-as-required\" aria-required=\"true\" aria-invalid=\"false\" placeholder=\"Votre nom\" \/><\/span> <\/div>\n<div class=\"column one-second\"><span class=\"wpcf7-form-control-wrap your-email\"><input type=\"email\" name=\"your-email\" value=\"\" size=\"40\" class=\"wpcf7-form-control wpcf7-text wpcf7-email wpcf7-validates-as-required wpcf7-validates-as-email\" aria-required=\"true\" aria-invalid=\"false\" placeholder=\"Votre email\" \/><\/span> <\/div>\n<div class=\"column one\"><span class=\"wpcf7-form-control-wrap your-subject\"><input type=\"text\" name=\"your-subject\" value=\"\" size=\"40\" class=\"wpcf7-form-control wpcf7-text\" aria-invalid=\"false\" placeholder=\"Sujet\" \/><\/span> <\/div>\n<div class=\"column one\"><span class=\"wpcf7-form-control-wrap your-message\"><textarea name=\"your-message\" cols=\"40\" rows=\"6\" class=\"wpcf7-form-control wpcf7-textarea\" aria-invalid=\"false\" placeholder=\"Message\"><\/textarea><\/span><\/div>\n<div class=\"column one\"><input type=\"submit\" value=\"ENVOYER\" class=\"wpcf7-form-control wpcf7-submit\" \/><\/div>\n<div class=\"wpcf7-response-output\" aria-hidden=\"true\"><\/div><\/form><\/div><\/div>\n<p>[\/vc_column_text][\/vc_column_inner][vc_column_inner width=&#8221;2\/3&#8243;][vc_empty_space height=&#8221;10px&#8221;][vc_single_image image=&#8221;3970&#8243; img_size=&#8221;1600&#215;1600&#8243; css_animation=&#8221;right-to-left&#8221;][\/vc_column_inner][\/vc_row_inner][\/vc_column][\/vc_row][vc_row full_width=&#8221;stretch_row&#8221; content_placement=&#8221;middle&#8221;][vc_column][\/vc_column][\/vc_row]<\/p>\n","protected":false},"excerpt":{"rendered":"<p>[vc_row full_width=&#8221;stretch_row_content_no_spaces&#8221; content_placement=&#8221;top&#8221; css=&#8221;.vc_custom_1470753184295{background-color: rgba(255,255,255,0.85) !important;*background-color: rgb(255,255,255) !important;}&#8221;][vc_column][vc_row_inner][vc_column_inner width=&#8221;1\/3&#8243; css=&#8221;.vc_custom_1470750032241{padding-right: 10% !important;padding-left: 10% !important;}&#8221;][vc_empty_space height=&#8221;10px&#8221;][vc_single_image image=&#8221;3634&#8243;][vc_column_text css=&#8221;.vc_custom_1536671006664{padding-top: 5px !important;padding-right: 5px !important;padding-bottom: 5px !important;padding-left: 5px !important;background-color: rgba(255,255,255,0.5)<span class=\"excerpt-hellip\"> [\u2026]<\/span><\/p>\n","protected":false},"author":1,"featured_media":0,"parent":0,"menu_order":2,"comment_status":"open","ping_status":"closed","template":"","meta":{"footnotes":""},"class_list":["post-2990","page","type-page","status-publish","hentry"],"yoast_head":"<!-- This site is optimized with the Yoast SEO plugin v15.8 - https:\/\/yoast.com\/wordpress\/plugins\/seo\/ -->\n<title>CONTACT - Luca Cattaneo Architecte - Haute Savoie -<\/title>\n<meta name=\"description\" content=\"LAC Architecture, activit\u00e9 d&#039;architecture de Luca Cattaneo, architecte en Haute Savoie, bas\u00e9 \u00e1 Thonon-les-Bains au bord du lac L\u00e9man (France et Gen\u00e8ve)\" \/>\n<meta name=\"robots\" content=\"index, follow, max-snippet:-1, max-image-preview:large, max-video-preview:-1\" \/>\n<link rel=\"canonical\" href=\"https:\/\/lac.archi\/fr\/luca-cattaneo-architecte-thonon-geneve\/\" \/>\n<meta property=\"og:locale\" content=\"fr_FR\" \/>\n<meta property=\"og:type\" content=\"article\" \/>\n<meta property=\"og:title\" content=\"CONTACT - Luca Cattaneo Architecte - Haute Savoie -\" \/>\n<meta property=\"og:description\" content=\"LAC Architecture, activit\u00e9 d&#039;architecture de Luca Cattaneo, architecte en Haute Savoie, bas\u00e9 \u00e1 Thonon-les-Bains au bord du lac L\u00e9man (France et Gen\u00e8ve)\" \/>\n<meta property=\"og:url\" content=\"https:\/\/lac.archi\/fr\/luca-cattaneo-architecte-thonon-geneve\/\" \/>\n<meta property=\"og:site_name\" content=\"LAC\" \/>\n<meta property=\"article:modified_time\" content=\"2018-09-11T13:17:52+00:00\" \/>\n<meta name=\"twitter:card\" content=\"summary\" \/>\n<meta name=\"twitter:label1\" content=\"Dur\u00e9e de lecture est.\">\n\t<meta name=\"twitter:data1\" content=\"1 minute\">\n<script type=\"application\/ld+json\" class=\"yoast-schema-graph\">{\"@context\":\"https:\/\/schema.org\",\"@graph\":[{\"@type\":\"Organization\",\"@id\":\"http:\/\/lac.archi\/fr\/#organization\",\"name\":\"LAC - LUCA CATTANEAO ARCHITECTE\",\"url\":\"http:\/\/lac.archi\/fr\/\",\"sameAs\":[],\"logo\":{\"@type\":\"ImageObject\",\"@id\":\"http:\/\/lac.archi\/fr\/#logo\",\"inLanguage\":\"fr-FR\",\"url\":\"https:\/\/lac.archi\/wp-content\/uploads\/2016\/09\/cropped-LAC-Logo.png\",\"width\":252,\"height\":112,\"caption\":\"LAC - LUCA CATTANEAO ARCHITECTE\"},\"image\":{\"@id\":\"http:\/\/lac.archi\/fr\/#logo\"}},{\"@type\":\"WebSite\",\"@id\":\"http:\/\/lac.archi\/fr\/#website\",\"url\":\"http:\/\/lac.archi\/fr\/\",\"name\":\"LAC\",\"description\":\"Architecture + architecture d&#039;interieurs\",\"publisher\":{\"@id\":\"http:\/\/lac.archi\/fr\/#organization\"},\"potentialAction\":[{\"@type\":\"SearchAction\",\"target\":\"http:\/\/lac.archi\/fr\/?s={search_term_string}\",\"query-input\":\"required name=search_term_string\"}],\"inLanguage\":\"fr-FR\"},{\"@type\":\"WebPage\",\"@id\":\"https:\/\/lac.archi\/fr\/luca-cattaneo-architecte-thonon-geneve\/#webpage\",\"url\":\"https:\/\/lac.archi\/fr\/luca-cattaneo-architecte-thonon-geneve\/\",\"name\":\"CONTACT - Luca Cattaneo Architecte - Haute Savoie -\",\"isPartOf\":{\"@id\":\"http:\/\/lac.archi\/fr\/#website\"},\"datePublished\":\"2016-08-09T14:32:30+00:00\",\"dateModified\":\"2018-09-11T13:17:52+00:00\",\"description\":\"LAC Architecture, activit\\u00e9 d'architecture de Luca Cattaneo, architecte en Haute Savoie, bas\\u00e9 \\u00e1 Thonon-les-Bains au bord du lac L\\u00e9man (France et Gen\\u00e8ve)\",\"breadcrumb\":{\"@id\":\"https:\/\/lac.archi\/fr\/luca-cattaneo-architecte-thonon-geneve\/#breadcrumb\"},\"inLanguage\":\"fr-FR\",\"potentialAction\":[{\"@type\":\"ReadAction\",\"target\":[\"https:\/\/lac.archi\/fr\/luca-cattaneo-architecte-thonon-geneve\/\"]}]},{\"@type\":\"BreadcrumbList\",\"@id\":\"https:\/\/lac.archi\/fr\/luca-cattaneo-architecte-thonon-geneve\/#breadcrumb\",\"itemListElement\":[{\"@type\":\"ListItem\",\"position\":1,\"item\":{\"@type\":\"WebPage\",\"@id\":\"http:\/\/lac.archi\/fr\/\",\"url\":\"http:\/\/lac.archi\/fr\/\",\"name\":\"Accueil\"}},{\"@type\":\"ListItem\",\"position\":2,\"item\":{\"@type\":\"WebPage\",\"@id\":\"https:\/\/lac.archi\/fr\/luca-cattaneo-architecte-thonon-geneve\/\",\"url\":\"https:\/\/lac.archi\/fr\/luca-cattaneo-architecte-thonon-geneve\/\",\"name\":\"CONTACT\"}}]}]}<\/script>\n<!-- \/ Yoast SEO plugin. -->","_links":{"self":[{"href":"https:\/\/lac.archi\/fr\/wp-json\/wp\/v2\/pages\/2990","targetHints":{"allow":["GET"]}}],"collection":[{"href":"https:\/\/lac.archi\/fr\/wp-json\/wp\/v2\/pages"}],"about":[{"href":"https:\/\/lac.archi\/fr\/wp-json\/wp\/v2\/types\/page"}],"author":[{"embeddable":true,"href":"https:\/\/lac.archi\/fr\/wp-json\/wp\/v2\/users\/1"}],"replies":[{"embeddable":true,"href":"https:\/\/lac.archi\/fr\/wp-json\/wp\/v2\/comments?post=2990"}],"version-history":[{"count":22,"href":"https:\/\/lac.archi\/fr\/wp-json\/wp\/v2\/pages\/2990\/revisions"}],"predecessor-version":[{"id":4098,"href":"https:\/\/lac.archi\/fr\/wp-json\/wp\/v2\/pages\/2990\/revisions\/4098"}],"wp:attachment":[{"href":"https:\/\/lac.archi\/fr\/wp-json\/wp\/v2\/media?parent=2990"}],"curies":[{"name":"wp","href":"https:\/\/api.w.org\/{rel}","templated":true}]}}